{"id":11216,"date":"2022-11-12T19:47:47","date_gmt":"2022-11-12T18:47:47","guid":{"rendered":"https:\/\/www.aimcinternational.org\/?page_id=11216"},"modified":"2022-11-12T20:03:33","modified_gmt":"2022-11-12T19:03:33","slug":"catalog-xvii-aimc-congress","status":"publish","type":"page","link":"https:\/\/www.aimcinternational.org\/it\/activities\/catalog-xvii-aimc-congress\/","title":{"rendered":"Catalogo XVII congresso AIMC"},"content":{"rendered":"<p style=\"text-align: center;\"><strong>Il Mosaico: un'arte sacra fra culture e tecnologie <\/strong><br \/>\n<strong>Mosaic: a sacred art in cultures and technologies<\/strong><\/p>\n<p><img loading=\"lazy\" class=\"alignright wp-image-11220\" src=\"https:\/\/www.aimcinternational.org\/wp-content\/uploads\/aimc-publications\/catalog-xvii-aimc-congress\/catalogo-congresso-925x1024.jpg\" alt=\"\" width=\"375\" height=\"415\" srcset=\"https:\/\/www.aimcinternational.org\/wp-content\/uploads\/aimc-publications\/catalog-xvii-aimc-congress\/catalogo-congresso-925x1024.jpg 925w, https:\/\/www.aimcinternational.org\/wp-content\/uploads\/aimc-publications\/catalog-xvii-aimc-congress\/catalogo-congresso-271x300.jpg 271w, https:\/\/www.aimcinternational.org\/wp-content\/uploads\/aimc-publications\/catalog-xvii-aimc-congress\/catalogo-congresso-768x850.jpg 768w, https:\/\/www.aimcinternational.org\/wp-content\/uploads\/aimc-publications\/catalog-xvii-aimc-congress\/catalogo-congresso-1388x1536.jpg 1388w, https:\/\/www.aimcinternational.org\/wp-content\/uploads\/aimc-publications\/catalog-xvii-aimc-congress\/catalogo-congresso-316x350.jpg 316w, https:\/\/www.aimcinternational.org\/wp-content\/uploads\/aimc-publications\/catalog-xvii-aimc-congress\/catalogo-congresso-136x150.jpg 136w, https:\/\/www.aimcinternational.org\/wp-content\/uploads\/aimc-publications\/catalog-xvii-aimc-congress\/catalogo-congresso.jpg 1446w\" sizes=\"(max-width: 375px) 100vw, 375px\" \/><\/p>\n<p>Il libro\/catalogo del XVII congresso internazionale AIMC contiene le foto delle opere e brevi note biografiche di 58 mosaicisti\/soci AIMC provenienti da tutto il mondo che hanno partecipato alla mostra AIMC in MOSTRA a Ravenna, ottobre 2022. Contiene anche le sintesi delle presentazioni dei 26 relatori del congresso.<\/p>\n<p>200 pagine, in italiano e inglese. A cura di Rosetta Berardi e Artemis Klitsi. Edizioni del Girasole, Ravenna. Prezzo: 25,00\u20ac<\/p>\n<p><span style=\"color: #ff6600; font-family: terminal, monaco, monospace;\">Il libro pu\u00f2 essere acquistato nei seguenti modi:<\/span><\/p>\n<ul>\n<li><strong>Personalmente<\/strong> presso le EDIZIONI DEL GIRASOLE, Ravenna.<\/li>\n<li><strong>On line<\/strong> nei seguenti websites:<br \/>\n<span style=\"color: #ff6600; font-family: terminal, monaco, monospace;\">Amazon.it<br \/>\nFeltrinelli.it<br \/>\nIbs.it<br \/>\nLibroco.it<br \/>\nLibreriauniversitaria.it<br \/>\nMondadoristore.it<br \/>\nUnilibro.it<\/span><\/li>\n<\/ul>\n<p><strong>Artisti:<\/strong><\/p>\n<p>Lynn Adamo, Marie-Andr\u00e9e Allison,\u00a0Giovanni Alvich,\u00a0 \u00a0Anik-Chaima Appert-Ligonnet,\u00a0Sergio Belacchi, Maria-Amalia Beltran, Rita Benzoni, Giovanna Bezzi, \u00a0Domenico Bindi, Daniela Caravita, Martin Cheek, Silvia Colizzi, Catherine P. Contogiorgi, Marga Court, Helga Dangel, Rossella Del Bene, Ivan Djidjev, Marijan Erste, Eleftheria Galanopoulou, Despina Georgiadi-Thessalonikeos, Mairy Giannakopoulou -Christou, Sofia Gounari, Cristiane Herrmann, Farica Chit Hung, Eleni\u00a0 Kehagioglou, Maria Kelesidou, Toyoharu Kii, Jae Hee Kim, Jelena Lilija Kimsdotter V\u00e4nts, Artemis Klitsi, Magdalena Kracik Storkanova, Irina Kuchmenko, Rosangela Kusma Gasparin, Claudia Lorenzato, Mikelis Markidis, Simin Marufkhani, \u00a0Verdiano Marzi, Valerie McGarry, Jana Mihelj, Laura Maria Mino, Lydia Nakopoulou, Loukia Orfanou, Dimitrios Panais, Oxana Panyushkina, Lydia Papadopoulou, Aglaia Peithi, Aliki Rigou, Elvira Riviezzo, Magda Roumelioti, Agnieszka Sobczyk-Kiolou, Antonella Sorrentino, Suzanne Spahi, Vasiliki Spanou, Enzo Tinarelli, Nikos Tolis, Francesco Urso, Virna Valli, Ralitza Vladimirova<\/p>\n<p>&nbsp;<\/p>\n<p><strong>Relatori: <\/strong><\/p>\n<p>Accademia di Belle Arti di Ravenna, Claudia Agrioli, Marie Andr\u00e9e Allison, Mar\u00eda Amalia Beltr\u00e1n, Gian Piero Brovedani, CaCO3, I.M. Carra - C. Coccia - P. Perpignani,\u00a0 Martin Cheek, Marga Court, Shermine Dajani, Francesca Fiorentini, Tomas Hajek, Kerakoll, Koko Mosaico, Magdalena Krac\u00edk \u0160tork\u00e1nov\u00e1, Marco De Luca, Ren\u00e9e Malaval Antoine, Verdiano Marzi, Jana Mihelj, Luciana Notturni, Marco Santi, Alessandro Serena, Janusz Sobczyk, Suzanne Spahi, Enzo Tinarelli, Umberto Trame.","protected":false},"excerpt":{"rendered":"<p>Il Mosaico: un&#8217;arte sacra fra culture e tecnologie Mosaic: a sacred art in cultures and technologies Il libro\/catalogo del XVII congresso internazionale AIMC contiene le foto delle opere e brevi note biografiche di 58 mosaicisti\/soci AIMC provenienti da tutto il mondo che hanno partecipato alla mostra AIMC in MOSTRA a\u2026 <a class=\"continue-reading-link\" href=\"https:\/\/www.aimcinternational.org\/it\/activities\/catalog-xvii-aimc-congress\/\">Continue reading<\/a><\/p>\n","protected":false},"author":1,"featured_media":0,"parent":103,"menu_order":0,"comment_status":"closed","ping_status":"closed","template":"","meta":[],"_links":{"self":[{"href":"https:\/\/www.aimcinternational.org\/it\/wp-json\/wp\/v2\/pages\/11216"}],"collection":[{"href":"https:\/\/www.aimcinternational.org\/it\/wp-json\/wp\/v2\/pages"}],"about":[{"href":"https:\/\/www.aimcinternational.org\/it\/wp-json\/wp\/v2\/types\/page"}],"author":[{"embeddable":true,"href":"https:\/\/www.aimcinternational.org\/it\/wp-json\/wp\/v2\/users\/1"}],"replies":[{"embeddable":true,"href":"https:\/\/www.aimcinternational.org\/it\/wp-json\/wp\/v2\/comments?post=11216"}],"version-history":[{"count":0,"href":"https:\/\/www.aimcinternational.org\/it\/wp-json\/wp\/v2\/pages\/11216\/revisions"}],"up":[{"embeddable":true,"href":"https:\/\/www.aimcinternational.org\/it\/wp-json\/wp\/v2\/pages\/103"}],"wp:attachment":[{"href":"https:\/\/www.aimcinternational.org\/it\/wp-json\/wp\/v2\/media?parent=11216"}],"curies":[{"name":"wp","href":"https:\/\/api.w.org\/{rel}","templated":true}]}}